{"id":60,"date":"2017-11-25T00:57:02","date_gmt":"2017-11-25T00:57:02","guid":{"rendered":"http:\/\/onaway.dev\/?page_id=60"},"modified":"2022-03-21T10:03:38","modified_gmt":"2022-03-21T10:03:38","slug":"partnerships","status":"publish","type":"page","link":"https:\/\/www.onaway.org\/es\/about\/partnerships\/","title":{"rendered":"alianzas"},"content":{"rendered":"<div class=\"vc_row wpb_row vc_row-fluid\"><div class=\"wpb_column vc_column_container vc_col-sm-12\"><div class=\"vc_column-inner\"><div class=\"wpb_wrapper\">\n\t\t\t<div class=\"page-subtitle\">\n            \t<h4>Trabajamos en estrecha colaboraci\u00f3n con organizaciones establecidas de todo el mundo para asegurarnos de que nuestras subvenciones llegan a las personas adecuadas y de que la ayuda que prestamos tiene el m\u00e1ximo impacto en quienes m\u00e1s importan. Lee m\u00e1s abajo sobre el trabajo que est\u00e1n realizando nuestros socios para apoyar a los pueblos ind\u00edgenas de todo el mundo. <\/h4>\n            <\/div><\/div><\/div><\/div><\/div>","protected":false},"excerpt":{"rendered":"Trabajamos en estrecha colaboraci\u00f3n con organizaciones establecidas de todo el mundo para asegurarnos de que nuestras subvenciones llegan a las personas adecuadas y de que la ayuda que prestamos tiene el m\u00e1ximo impacto en quienes m\u00e1s importan. Lee m\u00e1s abajo sobre el trabajo que est\u00e1n realizando nuestros socios para apoyar a los pueblos ind\u00edgenas de todo el mundo.","protected":false},"author":1,"featured_media":0,"parent":45,"menu_order":13,"comment_status":"closed","ping_status":"closed","template":"partnerships.php","meta":[],"class_list":["post-60","page","type-page","status-publish","hentry","odd"],"yoast_head":"<!-- This site is optimized with the Yoast SEO plugin v27.4 - https:\/\/yoast.com\/product\/yoast-seo-wordpress\/ -->\n<title>Partnerships - Onaway<\/title>\n<meta name=\"robots\" content=\"index, follow, max-snippet:-1, max-image-preview:large, max-video-preview:-1\" \/>\n<link rel=\"canonical\" href=\"https:\/\/www.onaway.org\/es\/about\/partnerships\/\" \/>\n<meta property=\"og:locale\" content=\"es_ES\" \/>\n<meta property=\"og:type\" content=\"article\" \/>\n<meta property=\"og:title\" content=\"Partnerships - Onaway\" \/>\n<meta property=\"og:url\" content=\"https:\/\/www.onaway.org\/es\/about\/partnerships\/\" \/>\n<meta property=\"og:site_name\" content=\"Onaway\" \/>\n<meta property=\"article:publisher\" content=\"https:\/\/www.facebook.com\/OnawayTrust\" \/>\n<meta property=\"article:modified_time\" content=\"2022-03-21T10:03:38+00:00\" \/>\n<meta property=\"og:image\" content=\"https:\/\/www.onaway.org\/wp-content\/uploads\/2020\/11\/hqdefault-2.jpg\" \/>\n\t<meta property=\"og:image:width\" content=\"480\" \/>\n\t<meta property=\"og:image:height\" content=\"270\" \/>\n\t<meta property=\"og:image:type\" content=\"image\/jpeg\" \/>\n<meta name=\"twitter:card\" content=\"summary_large_image\" \/>\n<meta name=\"twitter:site\" content=\"@OnawayTrust\" \/>\n<script type=\"application\/ld+json\" class=\"yoast-schema-graph\">{\"@context\":\"https:\\\/\\\/schema.org\",\"@graph\":[{\"@type\":\"WebPage\",\"@id\":\"https:\\\/\\\/www.onaway.org\\\/about\\\/partnerships\\\/\",\"url\":\"https:\\\/\\\/www.onaway.org\\\/about\\\/partnerships\\\/\",\"name\":\"Partnerships - Onaway\",\"isPartOf\":{\"@id\":\"https:\\\/\\\/www.onaway.org\\\/#website\"},\"datePublished\":\"2017-11-25T00:57:02+00:00\",\"dateModified\":\"2022-03-21T10:03:38+00:00\",\"breadcrumb\":{\"@id\":\"https:\\\/\\\/www.onaway.org\\\/about\\\/partnerships\\\/#breadcrumb\"},\"inLanguage\":\"es\",\"potentialAction\":[{\"@type\":\"ReadAction\",\"target\":[\"https:\\\/\\\/www.onaway.org\\\/about\\\/partnerships\\\/\"]}]},{\"@type\":\"BreadcrumbList\",\"@id\":\"https:\\\/\\\/www.onaway.org\\\/about\\\/partnerships\\\/#breadcrumb\",\"itemListElement\":[{\"@type\":\"ListItem\",\"position\":1,\"name\":\"Home\",\"item\":\"https:\\\/\\\/www.onaway.org\\\/\"},{\"@type\":\"ListItem\",\"position\":2,\"name\":\"About\",\"item\":\"https:\\\/\\\/www.onaway.org\\\/about\\\/\"},{\"@type\":\"ListItem\",\"position\":3,\"name\":\"Partnerships\"}]},{\"@type\":\"WebSite\",\"@id\":\"https:\\\/\\\/www.onaway.org\\\/#website\",\"url\":\"https:\\\/\\\/www.onaway.org\\\/\",\"name\":\"Onaway\",\"description\":\"Providing support to indigenous peoples since 1974\",\"publisher\":{\"@id\":\"https:\\\/\\\/www.onaway.org\\\/#organization\"},\"potentialAction\":[{\"@type\":\"SearchAction\",\"target\":{\"@type\":\"EntryPoint\",\"urlTemplate\":\"https:\\\/\\\/www.onaway.org\\\/?s={search_term_string}\"},\"query-input\":{\"@type\":\"PropertyValueSpecification\",\"valueRequired\":true,\"valueName\":\"search_term_string\"}}],\"inLanguage\":\"es\"},{\"@type\":\"Organization\",\"@id\":\"https:\\\/\\\/www.onaway.org\\\/#organization\",\"name\":\"Onaway Trust\",\"url\":\"https:\\\/\\\/www.onaway.org\\\/\",\"logo\":{\"@type\":\"ImageObject\",\"inLanguage\":\"es\",\"@id\":\"https:\\\/\\\/www.onaway.org\\\/#\\\/schema\\\/logo\\\/image\\\/\",\"url\":\"https:\\\/\\\/www.onaway.org\\\/wp-content\\\/uploads\\\/2022\\\/02\\\/cropped-Onaway_Logo_Centered_RGB_High-res.png\",\"contentUrl\":\"https:\\\/\\\/www.onaway.org\\\/wp-content\\\/uploads\\\/2022\\\/02\\\/cropped-Onaway_Logo_Centered_RGB_High-res.png\",\"width\":512,\"height\":512,\"caption\":\"Onaway Trust\"},\"image\":{\"@id\":\"https:\\\/\\\/www.onaway.org\\\/#\\\/schema\\\/logo\\\/image\\\/\"},\"sameAs\":[\"https:\\\/\\\/www.facebook.com\\\/OnawayTrust\",\"https:\\\/\\\/x.com\\\/OnawayTrust\",\"https:\\\/\\\/www.instagram.com\\\/onawaytrust\\\/\",\"https:\\\/\\\/www.linkedin.com\\\/company\\\/the-onaway-trust\\\/\"]}]}<\/script>\n<!-- \/ Yoast SEO plugin. -->","yoast_head_json":{"title":"Partnerships - Onaway","robots":{"index":"index","follow":"follow","max-snippet":"max-snippet:-1","max-image-preview":"max-image-preview:large","max-video-preview":"max-video-preview:-1"},"canonical":"https:\/\/www.onaway.org\/es\/about\/partnerships\/","og_locale":"es_ES","og_type":"article","og_title":"Partnerships - Onaway","og_url":"https:\/\/www.onaway.org\/es\/about\/partnerships\/","og_site_name":"Onaway","article_publisher":"https:\/\/www.facebook.com\/OnawayTrust","article_modified_time":"2022-03-21T10:03:38+00:00","og_image":[{"width":480,"height":270,"url":"https:\/\/www.onaway.org\/wp-content\/uploads\/2020\/11\/hqdefault-2.jpg","type":"image\/jpeg"}],"twitter_card":"summary_large_image","twitter_site":"@OnawayTrust","schema":{"@context":"https:\/\/schema.org","@graph":[{"@type":"WebPage","@id":"https:\/\/www.onaway.org\/about\/partnerships\/","url":"https:\/\/www.onaway.org\/about\/partnerships\/","name":"Partnerships - Onaway","isPartOf":{"@id":"https:\/\/www.onaway.org\/#website"},"datePublished":"2017-11-25T00:57:02+00:00","dateModified":"2022-03-21T10:03:38+00:00","breadcrumb":{"@id":"https:\/\/www.onaway.org\/about\/partnerships\/#breadcrumb"},"inLanguage":"es","potentialAction":[{"@type":"ReadAction","target":["https:\/\/www.onaway.org\/about\/partnerships\/"]}]},{"@type":"BreadcrumbList","@id":"https:\/\/www.onaway.org\/about\/partnerships\/#breadcrumb","itemListElement":[{"@type":"ListItem","position":1,"name":"Home","item":"https:\/\/www.onaway.org\/"},{"@type":"ListItem","position":2,"name":"About","item":"https:\/\/www.onaway.org\/about\/"},{"@type":"ListItem","position":3,"name":"Partnerships"}]},{"@type":"WebSite","@id":"https:\/\/www.onaway.org\/#website","url":"https:\/\/www.onaway.org\/","name":"Onaway","description":"Providing support to indigenous peoples since 1974","publisher":{"@id":"https:\/\/www.onaway.org\/#organization"},"potentialAction":[{"@type":"SearchAction","target":{"@type":"EntryPoint","urlTemplate":"https:\/\/www.onaway.org\/?s={search_term_string}"},"query-input":{"@type":"PropertyValueSpecification","valueRequired":true,"valueName":"search_term_string"}}],"inLanguage":"es"},{"@type":"Organization","@id":"https:\/\/www.onaway.org\/#organization","name":"Onaway Trust","url":"https:\/\/www.onaway.org\/","logo":{"@type":"ImageObject","inLanguage":"es","@id":"https:\/\/www.onaway.org\/#\/schema\/logo\/image\/","url":"https:\/\/www.onaway.org\/wp-content\/uploads\/2022\/02\/cropped-Onaway_Logo_Centered_RGB_High-res.png","contentUrl":"https:\/\/www.onaway.org\/wp-content\/uploads\/2022\/02\/cropped-Onaway_Logo_Centered_RGB_High-res.png","width":512,"height":512,"caption":"Onaway Trust"},"image":{"@id":"https:\/\/www.onaway.org\/#\/schema\/logo\/image\/"},"sameAs":["https:\/\/www.facebook.com\/OnawayTrust","https:\/\/x.com\/OnawayTrust","https:\/\/www.instagram.com\/onawaytrust\/","https:\/\/www.linkedin.com\/company\/the-onaway-trust\/"]}]}},"_links":{"self":[{"href":"https:\/\/www.onaway.org\/es\/wp-json\/wp\/v2\/pages\/60","targetHints":{"allow":["GET"]}}],"collection":[{"href":"https:\/\/www.onaway.org\/es\/wp-json\/wp\/v2\/pages"}],"about":[{"href":"https:\/\/www.onaway.org\/es\/wp-json\/wp\/v2\/types\/page"}],"author":[{"embeddable":true,"href":"https:\/\/www.onaway.org\/es\/wp-json\/wp\/v2\/users\/1"}],"replies":[{"embeddable":true,"href":"https:\/\/www.onaway.org\/es\/wp-json\/wp\/v2\/comments?post=60"}],"version-history":[{"count":14,"href":"https:\/\/www.onaway.org\/es\/wp-json\/wp\/v2\/pages\/60\/revisions"}],"predecessor-version":[{"id":1699,"href":"https:\/\/www.onaway.org\/es\/wp-json\/wp\/v2\/pages\/60\/revisions\/1699"}],"up":[{"embeddable":true,"href":"https:\/\/www.onaway.org\/es\/wp-json\/wp\/v2\/pages\/45"}],"wp:attachment":[{"href":"https:\/\/www.onaway.org\/es\/wp-json\/wp\/v2\/media?parent=60"}],"curies":[{"name":"wp","href":"https:\/\/api.w.org\/{rel}","templated":true}]}}