{"id":45,"date":"2017-11-24T21:58:49","date_gmt":"2017-11-24T21:58:49","guid":{"rendered":"http:\/\/onaway.dev\/?page_id=45"},"modified":"2022-04-12T15:54:46","modified_gmt":"2022-04-12T15:54:46","slug":"about","status":"publish","type":"page","link":"https:\/\/www.onaway.org\/es\/about\/","title":{"rendered":"CON\u00d3CENOS"},"content":{"rendered":"<div class=\"vc_row wpb_row vc_row-fluid\"><div class=\"wpb_column vc_column_container vc_col-sm-12\"><div class=\"vc_column-inner\"><div class=\"wpb_wrapper\">\n\t\t\t<div class=\"page-subtitle\">\n            \t<h4>Onaway imagina un mundo en el que los pueblos ind\u00edgenas puedan mantener sus modos de vida tradicionales y preservar sus conocimientos, habilidades y tradiciones para un futuro sostenible. <\/h4>\n            <\/div><\/div><\/div><\/div><\/div><div class=\"vc_row wpb_row vc_row-fluid\"><div class=\"wpb_column vc_column_container vc_col-sm-12\"><div class=\"vc_column-inner\"><div class=\"wpb_wrapper\"><div class=\"post-block\"><p><span style=\"font-weight: 400;\">Los pueblos ind\u00edgenas son custodios conocedores y responsables de su entorno. Comprenden y valoran su tierra porque dependen de ella. Esta relaci\u00f3n no se basa s\u00f3lo en las necesidades f\u00edsicas; existe un v\u00ednculo espiritual con su tierra natal, un sentido de interconectividad. <\/span><\/p>\n<p><span style=\"font-weight: 400;\">Trabajamos junto a los pueblos ind\u00edgenas, proporcionando subvenciones iniciales a una variedad de proyectos en todo el mundo. Puede tratarse de trabajar con grupos ind\u00edgenas que se enfrentan a la aniquilaci\u00f3n a manos de empresas multinacionales o al cambio clim\u00e1tico global.\u00a0\u00a0<\/span><\/p>\n<p>The Onaway Trust se fund\u00f3 en 1974. Nuestro objetivo es aliviar la pobreza y el sufrimiento. A lo largo de cuatro d\u00e9cadas, hemos apoyado un gran n\u00famero de proyectos en todo el mundo. Muchos de ellos han crecido hasta convertirse en organizaciones exitosas y sostenibles por derecho propio.<\/p>\n<\/div> <div class=\"post-block  quote\">\n        \t<div class=\"quatation\">                        \n            \t<p>PUEDE QUE OTRAS INSTITUCIONES HAYAN TENIDO M\u00c1S DINERO QUE DAR, PERO ONAWAY HA SIDO INCRE\u00cdBLEMENTE PREVISOR EN SU ELECCI\u00d3N DE PERSONAS Y PROYECTOS A LOS QUE APOYAR. ESTO HA MARCADO LA DIFERENCIA.<\/p>\n                <strong>JOS\u00c9 BARREIRO, DIRECTOR OF THE OFFICE OF LATIN AMERICA<\/strong>\n            <\/div>\n        <\/div><div class=\"post-block\"><p>En el coraz\u00f3n de nuestra organizaci\u00f3n est\u00e1 nuestro apoyo a las culturas ind\u00edgenas, en particular a los nativos americanos. El fundador de Onaway, John Morris, visit\u00f3 el continente americano a principios de la d\u00e9cada de 1970, inspirado por su sabidur\u00eda sagrada e innata y su respeto por todos los seres vivos. Fue en estos viajes en los que visit\u00f3 muchas tribus cuando se dio cuenta de que el esp\u00edritu de sus tribus hab\u00eda sido destruido casi por completo tras a\u00f1os de opresi\u00f3n y genocidio.<\/p>\n<p>Estamos orgullosos de trabajar con grupos y organizaciones que ayudan a los pueblos ind\u00edgenas a lograr la autosuficiencia, proporcionando subvenciones iniciales y apoyo para ayudarles a alcanzar sus objetivos.<\/p>\n<\/div><\/div><\/div><\/div><\/div><div class=\"vc_row wpb_row vc_row-fluid\"><div class=\"wpb_column vc_column_container vc_col-sm-12\"><div class=\"vc_column-inner\"><div class=\"wpb_wrapper\"><div class=\"post-block\">\n\t\t\t<div class=\"img\">\n\t\t\t\t<img decoding=\"async\" src=\"https:\/\/www.onaway.org\/wp-content\/uploads\/2017\/11\/Onaway_La-Milpa_3-784x499.jpg\" alt=\"\">\n\t\t\t\t<div class=\"shark\">\n                    <i class=\"border-top\"><\/i>\n                    <i class=\"border-right\"><\/i>\n                    <i class=\"border-bottom\"><\/i>\n                    <i class=\"border-left\"><\/i>\n                <\/div><div class=\"img-description\">\u00a9 Cedicam<\/div><\/div><\/div><\/div><\/div><\/div><\/div>","protected":false},"excerpt":{"rendered":"Onaway envision a world where Indigenous tribes can live their traditional lifestyles, preserving their knowledge, skills, and traditions to ensure a sustainable future for their people. Indigenous peoples are knowledgeable and responsible custodians of their environment. They understand and value their land because they are dependent upon it. This relationship isn't just based on physical [...]","protected":false},"author":1,"featured_media":0,"parent":0,"menu_order":10,"comment_status":"closed","ping_status":"closed","template":"about.php","meta":[],"class_list":["post-45","page","type-page","status-publish","hentry","odd"],"yoast_head":"<!-- This site is optimized with the Yoast SEO plugin v27.4 - https:\/\/yoast.com\/product\/yoast-seo-wordpress\/ -->\n<title>About - Onaway<\/title>\n<meta name=\"robots\" content=\"index, follow, max-snippet:-1, max-image-preview:large, max-video-preview:-1\" \/>\n<link rel=\"canonical\" href=\"https:\/\/www.onaway.org\/es\/about\/\" \/>\n<meta property=\"og:locale\" content=\"es_ES\" \/>\n<meta property=\"og:type\" content=\"article\" \/>\n<meta property=\"og:title\" content=\"About - Onaway\" \/>\n<meta property=\"og:url\" content=\"https:\/\/www.onaway.org\/es\/about\/\" \/>\n<meta property=\"og:site_name\" content=\"Onaway\" \/>\n<meta property=\"article:publisher\" content=\"https:\/\/www.facebook.com\/OnawayTrust\" \/>\n<meta property=\"article:modified_time\" content=\"2022-04-12T15:54:46+00:00\" \/>\n<meta property=\"og:image\" content=\"https:\/\/www.onaway.org\/wp-content\/uploads\/2020\/11\/hqdefault-2.jpg\" \/>\n\t<meta property=\"og:image:width\" content=\"480\" \/>\n\t<meta property=\"og:image:height\" content=\"270\" \/>\n\t<meta property=\"og:image:type\" content=\"image\/jpeg\" \/>\n<meta name=\"twitter:card\" content=\"summary_large_image\" \/>\n<meta name=\"twitter:site\" content=\"@OnawayTrust\" \/>\n<meta name=\"twitter:label1\" content=\"Tiempo de lectura\" \/>\n\t<meta name=\"twitter:data1\" content=\"2 minutos\" \/>\n<script type=\"application\/ld+json\" class=\"yoast-schema-graph\">{\"@context\":\"https:\\\/\\\/schema.org\",\"@graph\":[{\"@type\":\"WebPage\",\"@id\":\"https:\\\/\\\/www.onaway.org\\\/about\\\/\",\"url\":\"https:\\\/\\\/www.onaway.org\\\/about\\\/\",\"name\":\"About - Onaway\",\"isPartOf\":{\"@id\":\"https:\\\/\\\/www.onaway.org\\\/#website\"},\"datePublished\":\"2017-11-24T21:58:49+00:00\",\"dateModified\":\"2022-04-12T15:54:46+00:00\",\"breadcrumb\":{\"@id\":\"https:\\\/\\\/www.onaway.org\\\/about\\\/#breadcrumb\"},\"inLanguage\":\"es\",\"potentialAction\":[{\"@type\":\"ReadAction\",\"target\":[\"https:\\\/\\\/www.onaway.org\\\/about\\\/\"]}]},{\"@type\":\"BreadcrumbList\",\"@id\":\"https:\\\/\\\/www.onaway.org\\\/about\\\/#breadcrumb\",\"itemListElement\":[{\"@type\":\"ListItem\",\"position\":1,\"name\":\"Home\",\"item\":\"https:\\\/\\\/www.onaway.org\\\/\"},{\"@type\":\"ListItem\",\"position\":2,\"name\":\"About\"}]},{\"@type\":\"WebSite\",\"@id\":\"https:\\\/\\\/www.onaway.org\\\/#website\",\"url\":\"https:\\\/\\\/www.onaway.org\\\/\",\"name\":\"Onaway\",\"description\":\"Providing support to indigenous peoples since 1974\",\"publisher\":{\"@id\":\"https:\\\/\\\/www.onaway.org\\\/#organization\"},\"potentialAction\":[{\"@type\":\"SearchAction\",\"target\":{\"@type\":\"EntryPoint\",\"urlTemplate\":\"https:\\\/\\\/www.onaway.org\\\/?s={search_term_string}\"},\"query-input\":{\"@type\":\"PropertyValueSpecification\",\"valueRequired\":true,\"valueName\":\"search_term_string\"}}],\"inLanguage\":\"es\"},{\"@type\":\"Organization\",\"@id\":\"https:\\\/\\\/www.onaway.org\\\/#organization\",\"name\":\"Onaway Trust\",\"url\":\"https:\\\/\\\/www.onaway.org\\\/\",\"logo\":{\"@type\":\"ImageObject\",\"inLanguage\":\"es\",\"@id\":\"https:\\\/\\\/www.onaway.org\\\/#\\\/schema\\\/logo\\\/image\\\/\",\"url\":\"https:\\\/\\\/www.onaway.org\\\/wp-content\\\/uploads\\\/2022\\\/02\\\/cropped-Onaway_Logo_Centered_RGB_High-res.png\",\"contentUrl\":\"https:\\\/\\\/www.onaway.org\\\/wp-content\\\/uploads\\\/2022\\\/02\\\/cropped-Onaway_Logo_Centered_RGB_High-res.png\",\"width\":512,\"height\":512,\"caption\":\"Onaway Trust\"},\"image\":{\"@id\":\"https:\\\/\\\/www.onaway.org\\\/#\\\/schema\\\/logo\\\/image\\\/\"},\"sameAs\":[\"https:\\\/\\\/www.facebook.com\\\/OnawayTrust\",\"https:\\\/\\\/x.com\\\/OnawayTrust\",\"https:\\\/\\\/www.instagram.com\\\/onawaytrust\\\/\",\"https:\\\/\\\/www.linkedin.com\\\/company\\\/the-onaway-trust\\\/\"]}]}<\/script>\n<!-- \/ Yoast SEO plugin. -->","yoast_head_json":{"title":"About - Onaway","robots":{"index":"index","follow":"follow","max-snippet":"max-snippet:-1","max-image-preview":"max-image-preview:large","max-video-preview":"max-video-preview:-1"},"canonical":"https:\/\/www.onaway.org\/es\/about\/","og_locale":"es_ES","og_type":"article","og_title":"About - Onaway","og_url":"https:\/\/www.onaway.org\/es\/about\/","og_site_name":"Onaway","article_publisher":"https:\/\/www.facebook.com\/OnawayTrust","article_modified_time":"2022-04-12T15:54:46+00:00","og_image":[{"width":480,"height":270,"url":"https:\/\/www.onaway.org\/wp-content\/uploads\/2020\/11\/hqdefault-2.jpg","type":"image\/jpeg"}],"twitter_card":"summary_large_image","twitter_site":"@OnawayTrust","twitter_misc":{"Tiempo de lectura":"2 minutos"},"schema":{"@context":"https:\/\/schema.org","@graph":[{"@type":"WebPage","@id":"https:\/\/www.onaway.org\/about\/","url":"https:\/\/www.onaway.org\/about\/","name":"About - Onaway","isPartOf":{"@id":"https:\/\/www.onaway.org\/#website"},"datePublished":"2017-11-24T21:58:49+00:00","dateModified":"2022-04-12T15:54:46+00:00","breadcrumb":{"@id":"https:\/\/www.onaway.org\/about\/#breadcrumb"},"inLanguage":"es","potentialAction":[{"@type":"ReadAction","target":["https:\/\/www.onaway.org\/about\/"]}]},{"@type":"BreadcrumbList","@id":"https:\/\/www.onaway.org\/about\/#breadcrumb","itemListElement":[{"@type":"ListItem","position":1,"name":"Home","item":"https:\/\/www.onaway.org\/"},{"@type":"ListItem","position":2,"name":"About"}]},{"@type":"WebSite","@id":"https:\/\/www.onaway.org\/#website","url":"https:\/\/www.onaway.org\/","name":"Onaway","description":"Providing support to indigenous peoples since 1974","publisher":{"@id":"https:\/\/www.onaway.org\/#organization"},"potentialAction":[{"@type":"SearchAction","target":{"@type":"EntryPoint","urlTemplate":"https:\/\/www.onaway.org\/?s={search_term_string}"},"query-input":{"@type":"PropertyValueSpecification","valueRequired":true,"valueName":"search_term_string"}}],"inLanguage":"es"},{"@type":"Organization","@id":"https:\/\/www.onaway.org\/#organization","name":"Onaway Trust","url":"https:\/\/www.onaway.org\/","logo":{"@type":"ImageObject","inLanguage":"es","@id":"https:\/\/www.onaway.org\/#\/schema\/logo\/image\/","url":"https:\/\/www.onaway.org\/wp-content\/uploads\/2022\/02\/cropped-Onaway_Logo_Centered_RGB_High-res.png","contentUrl":"https:\/\/www.onaway.org\/wp-content\/uploads\/2022\/02\/cropped-Onaway_Logo_Centered_RGB_High-res.png","width":512,"height":512,"caption":"Onaway Trust"},"image":{"@id":"https:\/\/www.onaway.org\/#\/schema\/logo\/image\/"},"sameAs":["https:\/\/www.facebook.com\/OnawayTrust","https:\/\/x.com\/OnawayTrust","https:\/\/www.instagram.com\/onawaytrust\/","https:\/\/www.linkedin.com\/company\/the-onaway-trust\/"]}]}},"_links":{"self":[{"href":"https:\/\/www.onaway.org\/es\/wp-json\/wp\/v2\/pages\/45","targetHints":{"allow":["GET"]}}],"collection":[{"href":"https:\/\/www.onaway.org\/es\/wp-json\/wp\/v2\/pages"}],"about":[{"href":"https:\/\/www.onaway.org\/es\/wp-json\/wp\/v2\/types\/page"}],"author":[{"embeddable":true,"href":"https:\/\/www.onaway.org\/es\/wp-json\/wp\/v2\/users\/1"}],"replies":[{"embeddable":true,"href":"https:\/\/www.onaway.org\/es\/wp-json\/wp\/v2\/comments?post=45"}],"version-history":[{"count":54,"href":"https:\/\/www.onaway.org\/es\/wp-json\/wp\/v2\/pages\/45\/revisions"}],"predecessor-version":[{"id":1792,"href":"https:\/\/www.onaway.org\/es\/wp-json\/wp\/v2\/pages\/45\/revisions\/1792"}],"wp:attachment":[{"href":"https:\/\/www.onaway.org\/es\/wp-json\/wp\/v2\/media?parent=45"}],"curies":[{"name":"wp","href":"https:\/\/api.w.org\/{rel}","templated":true}]}}